{"id":1005,"date":"2025-05-28T13:34:12","date_gmt":"2025-05-28T13:34:12","guid":{"rendered":"https:\/\/www.tanelhealth.com\/careers\/"},"modified":"2025-10-01T14:01:18","modified_gmt":"2025-10-01T14:01:18","slug":"careers","status":"publish","type":"page","link":"https:\/\/www.tanelhealth.com\/en\/about\/careers\/","title":{"rendered":"Careers"},"content":{"rendered":"\t\t<div data-elementor-type=\"wp-page\" data-elementor-id=\"1005\" class=\"elementor elementor-1005 elementor-544\">\n\t\t\t\t\t\t<section class=\"elementor-section elementor-top-section elementor-element elementor-element-6ea4febd elementor-section-boxed elementor-section-height-default elementor-section-height-default\" data-id=\"6ea4febd\" data-element_type=\"section\" data-settings=\"{&quot;jet_parallax_layout_list&quot;:[{&quot;jet_parallax_layout_image&quot;:{&quot;url&quot;:&quot;&quot;,&quot;id&quot;:&quot;&quot;,&quot;size&quot;:&quot;&quot;},&quot;_id&quot;:&quot;fbac795&quot;,&quot;jet_parallax_layout_image_tablet&quot;:{&quot;url&quot;:&quot;&quot;,&quot;id&quot;:&quot;&quot;,&quot;size&quot;:&quot;&quot;},&quot;jet_parallax_layout_image_mobile&quot;:{&quot;url&quot;:&quot;&quot;,&quot;id&quot;:&quot;&quot;,&quot;size&quot;:&quot;&quot;},&quot;jet_parallax_layout_speed&quot;:{&quot;unit&quot;:&quot;%&quot;,&quot;size&quot;:50,&quot;sizes&quot;:[]},&quot;jet_parallax_layout_type&quot;:&quot;scroll&quot;,&quot;jet_parallax_layout_direction&quot;:&quot;1&quot;,&quot;jet_parallax_layout_fx_direction&quot;:null,&quot;jet_parallax_layout_z_index&quot;:&quot;&quot;,&quot;jet_parallax_layout_bg_x&quot;:50,&quot;jet_parallax_layout_bg_x_tablet&quot;:&quot;&quot;,&quot;jet_parallax_layout_bg_x_mobile&quot;:&quot;&quot;,&quot;jet_parallax_layout_bg_y&quot;:50,&quot;jet_parallax_layout_bg_y_tablet&quot;:&quot;&quot;,&quot;jet_parallax_layout_bg_y_mobile&quot;:&quot;&quot;,&quot;jet_parallax_layout_bg_size&quot;:&quot;auto&quot;,&quot;jet_parallax_layout_bg_size_tablet&quot;:&quot;&quot;,&quot;jet_parallax_layout_bg_size_mobile&quot;:&quot;&quot;,&quot;jet_parallax_layout_animation_prop&quot;:&quot;transform&quot;,&quot;jet_parallax_layout_on&quot;:[&quot;desktop&quot;,&quot;tablet&quot;]}],&quot;background_background&quot;:&quot;classic&quot;}\">\n\t\t\t\t\t\t\t<div class=\"elementor-background-overlay\"><\/div>\n\t\t\t\t\t\t\t<div class=\"elementor-container elementor-column-gap-no\">\n\t\t\t\t\t<div class=\"elementor-column elementor-col-100 elementor-top-column elementor-element elementor-element-33a1443\" data-id=\"33a1443\" data-element_type=\"column\">\n\t\t\t<div class=\"elementor-widget-wrap elementor-element-populated\">\n\t\t\t\t\t\t<div class=\"elementor-element elementor-element-72bb0380 elementor-widget elementor-widget-heading\" data-id=\"72bb0380\" data-element_type=\"widget\" data-widget_type=\"heading.default\">\n\t\t\t\t<div class=\"elementor-widget-container\">\n\t\t\t\t\t<h1 class=\"elementor-heading-title elementor-size-default\">Careers<\/h1>\t\t\t\t<\/div>\n\t\t\t\t<\/div>\n\t\t\t\t<div class=\"elementor-element elementor-element-11bd9446 elementor-widget elementor-widget-heading\" data-id=\"11bd9446\" data-element_type=\"widget\" data-widget_type=\"heading.default\">\n\t\t\t\t<div class=\"elementor-widget-container\">\n\t\t\t\t\t<span class=\"elementor-heading-title elementor-size-default\">Join a team transforming health insurance in Senegal<\/span>\t\t\t\t<\/div>\n\t\t\t\t<\/div>\n\t\t\t\t\t<\/div>\n\t\t<\/div>\n\t\t\t\t\t<\/div>\n\t\t<\/section>\n\t\t<div class=\"elementor-element elementor-element-bcbf3a8 e-grid e-con-boxed e-con e-parent\" data-id=\"bcbf3a8\" data-element_type=\"container\" data-settings=\"{&quot;jet_parallax_layout_list&quot;:[]}\">\n\t\t\t\t\t<div class=\"e-con-inner\">\n\t\t\t\t<div class=\"elementor-element elementor-element-11423d8 elementor-widget elementor-widget-image\" data-id=\"11423d8\" data-element_type=\"widget\" data-widget_type=\"image.default\">\n\t\t\t\t<div class=\"elementor-widget-container\">\n\t\t\t\t\t\t\t\t\t\t\t\t\t\t\t<img fetchpriority=\"high\" decoding=\"async\" width=\"400\" height=\"250\" src=\"https:\/\/www.tanelhealth.com\/wp-content\/uploads\/2025\/09\/logo-tanel-400-x-250-px-1.png\" class=\"attachment-full size-full wp-image-1112\" alt=\"\" srcset=\"https:\/\/www.tanelhealth.com\/wp-content\/uploads\/2025\/09\/logo-tanel-400-x-250-px-1.png 400w, https:\/\/www.tanelhealth.com\/wp-content\/uploads\/2025\/09\/logo-tanel-400-x-250-px-1-300x188.png 300w\" sizes=\"(max-width: 400px) 100vw, 400px\" \/>\t\t\t\t\t\t\t\t\t\t\t\t\t\t\t<\/div>\n\t\t\t\t<\/div>\n\t\t\t\t<div class=\"elementor-element elementor-element-8fa03c2 elementor-widget elementor-widget-text-editor\" data-id=\"8fa03c2\" data-element_type=\"widget\" data-widget_type=\"text-editor.default\">\n\t\t\t\t<div class=\"elementor-widget-container\">\n\t\t\t\t\t\t\t\t\t<p class=\"p1\">At Tan\u00e9l, we believe that simple and equitable access to healthcare also requires a committed team. By joining our company, you contribute to a high-impact social mission within an innovative, collaborative, and digitally-focused environment. Browse our job openings or submit a speculative application to join the adventure.<\/p>\t\t\t\t\t\t\t\t<\/div>\n\t\t\t\t<\/div>\n\t\t\t\t<div class=\"elementor-element elementor-element-a1c8b02 elementor-align-center elementor-widget elementor-widget-button\" data-id=\"a1c8b02\" data-element_type=\"widget\" data-widget_type=\"button.default\">\n\t\t\t\t<div class=\"elementor-widget-container\">\n\t\t\t\t\t\t\t\t\t<div class=\"elementor-button-wrapper\">\n\t\t\t\t\t<a class=\"elementor-button elementor-button-link elementor-size-sm\" href=\"https:\/\/app.dover.com\/dover\/careers\/80adda60-5573-4581-ad0d-bfd612ab8f7e\" target=\"_blank\" rel=\"nofollow\">\n\t\t\t\t\t\t<span class=\"elementor-button-content-wrapper\">\n\t\t\t\t\t\t\t\t\t<span class=\"elementor-button-text\">Browse our job openings<\/span>\n\t\t\t\t\t<\/span>\n\t\t\t\t\t<\/a>\n\t\t\t\t<\/div>\n\t\t\t\t\t\t\t\t<\/div>\n\t\t\t\t<\/div>\n\t\t\t\t<div class=\"elementor-element elementor-element-25ff119 elementor-widget elementor-widget-spacer\" data-id=\"25ff119\" data-element_type=\"widget\" data-widget_type=\"spacer.default\">\n\t\t\t\t<div class=\"elementor-widget-container\">\n\t\t\t\t\t\t\t<div class=\"elementor-spacer\">\n\t\t\t<div class=\"elementor-spacer-inner\"><\/div>\n\t\t<\/div>\n\t\t\t\t\t\t<\/div>\n\t\t\t\t<\/div>\n\t\t\t\t\t<\/div>\n\t\t\t\t<\/div>\n\t\t\t\t<\/div>\n\t\t","protected":false},"excerpt":{"rendered":"<p>Careers Join a team transforming health insurance in Senegal At Tan\u00e9l, we believe that simple and equitable access to healthcare also requires a committed team. By joining our company, you contribute to a high-impact social mission within an innovative, collaborative, and digitally-focused environment. Browse our job openings or submit a speculative application to join the [&hellip;]<\/p>\n","protected":false},"author":4,"featured_media":0,"parent":1014,"menu_order":0,"comment_status":"closed","ping_status":"closed","template":"full-width.php","meta":{"_acf_changed":false,"footnotes":""},"class_list":["post-1005","page","type-page","status-publish","hentry"],"acf":[],"yoast_head":"<!-- This site is optimized with the Yoast SEO plugin v26.3 - https:\/\/yoast.com\/wordpress\/plugins\/seo\/ -->\n<title>Careers - Tanel<\/title>\n<meta name=\"description\" content=\"Join Tanel Health: engage in a high-impact social mission, thrive in a digital and collaborative environment, and help transform health insurance.\" \/>\n<meta name=\"robots\" content=\"index, follow, max-snippet:-1, max-image-preview:large, max-video-preview:-1\" \/>\n<link rel=\"canonical\" href=\"https:\/\/www.tanelhealth.com\/en\/about\/careers\/\" \/>\n<meta property=\"og:locale\" content=\"en_US\" \/>\n<meta property=\"og:type\" content=\"article\" \/>\n<meta property=\"og:title\" content=\"Careers - Tanel\" \/>\n<meta property=\"og:description\" content=\"Join Tanel Health: engage in a high-impact social mission, thrive in a digital and collaborative environment, and help transform health insurance.\" \/>\n<meta property=\"og:url\" content=\"https:\/\/www.tanelhealth.com\/en\/about\/careers\/\" \/>\n<meta property=\"og:site_name\" content=\"Tanel\" \/>\n<meta property=\"article:modified_time\" content=\"2025-10-01T14:01:18+00:00\" \/>\n<meta property=\"og:image\" content=\"http:\/\/www.tanelhealth.com\/wp-content\/uploads\/2025\/09\/logo-tanel-400-x-250-px-1.png\" \/>\n<meta name=\"twitter:card\" content=\"summary_large_image\" \/>\n<meta name=\"twitter:label1\" content=\"Est. reading time\" \/>\n\t<meta name=\"twitter:data1\" content=\"1 minute\" \/>\n<script type=\"application\/ld+json\" class=\"yoast-schema-graph\">{\"@context\":\"https:\/\/schema.org\",\"@graph\":[{\"@type\":\"WebPage\",\"@id\":\"https:\/\/www.tanelhealth.com\/en\/about\/careers\/\",\"url\":\"https:\/\/www.tanelhealth.com\/en\/about\/careers\/\",\"name\":\"Careers - Tanel\",\"isPartOf\":{\"@id\":\"https:\/\/www.tanelhealth.com\/en\/#website\"},\"primaryImageOfPage\":{\"@id\":\"https:\/\/www.tanelhealth.com\/en\/about\/careers\/#primaryimage\"},\"image\":{\"@id\":\"https:\/\/www.tanelhealth.com\/en\/about\/careers\/#primaryimage\"},\"thumbnailUrl\":\"http:\/\/www.tanelhealth.com\/wp-content\/uploads\/2025\/09\/logo-tanel-400-x-250-px-1.png\",\"datePublished\":\"2025-05-28T13:34:12+00:00\",\"dateModified\":\"2025-10-01T14:01:18+00:00\",\"description\":\"Join Tanel Health: engage in a high-impact social mission, thrive in a digital and collaborative environment, and help transform health insurance.\",\"breadcrumb\":{\"@id\":\"https:\/\/www.tanelhealth.com\/en\/about\/careers\/#breadcrumb\"},\"inLanguage\":\"en-US\",\"potentialAction\":[{\"@type\":\"ReadAction\",\"target\":[\"https:\/\/www.tanelhealth.com\/en\/about\/careers\/\"]}]},{\"@type\":\"ImageObject\",\"inLanguage\":\"en-US\",\"@id\":\"https:\/\/www.tanelhealth.com\/en\/about\/careers\/#primaryimage\",\"url\":\"http:\/\/www.tanelhealth.com\/wp-content\/uploads\/2025\/09\/logo-tanel-400-x-250-px-1.png\",\"contentUrl\":\"http:\/\/www.tanelhealth.com\/wp-content\/uploads\/2025\/09\/logo-tanel-400-x-250-px-1.png\"},{\"@type\":\"BreadcrumbList\",\"@id\":\"https:\/\/www.tanelhealth.com\/en\/about\/careers\/#breadcrumb\",\"itemListElement\":[{\"@type\":\"ListItem\",\"position\":1,\"name\":\"Accueil\",\"item\":\"https:\/\/www.tanelhealth.com\/en\/\"},{\"@type\":\"ListItem\",\"position\":2,\"name\":\"About\",\"item\":\"https:\/\/www.tanelhealth.com\/en\/about\/\"},{\"@type\":\"ListItem\",\"position\":3,\"name\":\"Careers\"}]},{\"@type\":\"WebSite\",\"@id\":\"https:\/\/www.tanelhealth.com\/en\/#website\",\"url\":\"https:\/\/www.tanelhealth.com\/en\/\",\"name\":\"Tanel\",\"description\":\"Assurance sant\u00e9 100% digitale, mutuelle et IPM au S\u00e9n\u00e9gal\",\"publisher\":{\"@id\":\"https:\/\/www.tanelhealth.com\/en\/#organization\"},\"potentialAction\":[{\"@type\":\"SearchAction\",\"target\":{\"@type\":\"EntryPoint\",\"urlTemplate\":\"https:\/\/www.tanelhealth.com\/en\/?s={search_term_string}\"},\"query-input\":{\"@type\":\"PropertyValueSpecification\",\"valueRequired\":true,\"valueName\":\"search_term_string\"}}],\"inLanguage\":\"en-US\"},{\"@type\":\"Organization\",\"@id\":\"https:\/\/www.tanelhealth.com\/en\/#organization\",\"name\":\"Tanel\",\"url\":\"https:\/\/www.tanelhealth.com\/en\/\",\"logo\":{\"@type\":\"ImageObject\",\"inLanguage\":\"en-US\",\"@id\":\"https:\/\/www.tanelhealth.com\/en\/#\/schema\/logo\/image\/\",\"url\":\"https:\/\/www.tanelhealth.com\/wp-content\/uploads\/2025\/04\/tanel-assurance-senegal-logo-13.png\",\"contentUrl\":\"https:\/\/www.tanelhealth.com\/wp-content\/uploads\/2025\/04\/tanel-assurance-senegal-logo-13.png\",\"width\":170,\"height\":40,\"caption\":\"Tanel\"},\"image\":{\"@id\":\"https:\/\/www.tanelhealth.com\/en\/#\/schema\/logo\/image\/\"}}]}<\/script>\n<!-- \/ Yoast SEO plugin. -->","yoast_head_json":{"title":"Careers - Tanel","description":"Join Tanel Health: engage in a high-impact social mission, thrive in a digital and collaborative environment, and help transform health insurance.","robots":{"index":"index","follow":"follow","max-snippet":"max-snippet:-1","max-image-preview":"max-image-preview:large","max-video-preview":"max-video-preview:-1"},"canonical":"https:\/\/www.tanelhealth.com\/en\/about\/careers\/","og_locale":"en_US","og_type":"article","og_title":"Careers - Tanel","og_description":"Join Tanel Health: engage in a high-impact social mission, thrive in a digital and collaborative environment, and help transform health insurance.","og_url":"https:\/\/www.tanelhealth.com\/en\/about\/careers\/","og_site_name":"Tanel","article_modified_time":"2025-10-01T14:01:18+00:00","og_image":[{"url":"http:\/\/www.tanelhealth.com\/wp-content\/uploads\/2025\/09\/logo-tanel-400-x-250-px-1.png","type":"","width":"","height":""}],"twitter_card":"summary_large_image","twitter_misc":{"Est. reading time":"1 minute"},"schema":{"@context":"https:\/\/schema.org","@graph":[{"@type":"WebPage","@id":"https:\/\/www.tanelhealth.com\/en\/about\/careers\/","url":"https:\/\/www.tanelhealth.com\/en\/about\/careers\/","name":"Careers - Tanel","isPartOf":{"@id":"https:\/\/www.tanelhealth.com\/en\/#website"},"primaryImageOfPage":{"@id":"https:\/\/www.tanelhealth.com\/en\/about\/careers\/#primaryimage"},"image":{"@id":"https:\/\/www.tanelhealth.com\/en\/about\/careers\/#primaryimage"},"thumbnailUrl":"http:\/\/www.tanelhealth.com\/wp-content\/uploads\/2025\/09\/logo-tanel-400-x-250-px-1.png","datePublished":"2025-05-28T13:34:12+00:00","dateModified":"2025-10-01T14:01:18+00:00","description":"Join Tanel Health: engage in a high-impact social mission, thrive in a digital and collaborative environment, and help transform health insurance.","breadcrumb":{"@id":"https:\/\/www.tanelhealth.com\/en\/about\/careers\/#breadcrumb"},"inLanguage":"en-US","potentialAction":[{"@type":"ReadAction","target":["https:\/\/www.tanelhealth.com\/en\/about\/careers\/"]}]},{"@type":"ImageObject","inLanguage":"en-US","@id":"https:\/\/www.tanelhealth.com\/en\/about\/careers\/#primaryimage","url":"http:\/\/www.tanelhealth.com\/wp-content\/uploads\/2025\/09\/logo-tanel-400-x-250-px-1.png","contentUrl":"http:\/\/www.tanelhealth.com\/wp-content\/uploads\/2025\/09\/logo-tanel-400-x-250-px-1.png"},{"@type":"BreadcrumbList","@id":"https:\/\/www.tanelhealth.com\/en\/about\/careers\/#breadcrumb","itemListElement":[{"@type":"ListItem","position":1,"name":"Accueil","item":"https:\/\/www.tanelhealth.com\/en\/"},{"@type":"ListItem","position":2,"name":"About","item":"https:\/\/www.tanelhealth.com\/en\/about\/"},{"@type":"ListItem","position":3,"name":"Careers"}]},{"@type":"WebSite","@id":"https:\/\/www.tanelhealth.com\/en\/#website","url":"https:\/\/www.tanelhealth.com\/en\/","name":"Tanel","description":"Assurance sant\u00e9 100% digitale, mutuelle et IPM au S\u00e9n\u00e9gal","publisher":{"@id":"https:\/\/www.tanelhealth.com\/en\/#organization"},"potentialAction":[{"@type":"SearchAction","target":{"@type":"EntryPoint","urlTemplate":"https:\/\/www.tanelhealth.com\/en\/?s={search_term_string}"},"query-input":{"@type":"PropertyValueSpecification","valueRequired":true,"valueName":"search_term_string"}}],"inLanguage":"en-US"},{"@type":"Organization","@id":"https:\/\/www.tanelhealth.com\/en\/#organization","name":"Tanel","url":"https:\/\/www.tanelhealth.com\/en\/","logo":{"@type":"ImageObject","inLanguage":"en-US","@id":"https:\/\/www.tanelhealth.com\/en\/#\/schema\/logo\/image\/","url":"https:\/\/www.tanelhealth.com\/wp-content\/uploads\/2025\/04\/tanel-assurance-senegal-logo-13.png","contentUrl":"https:\/\/www.tanelhealth.com\/wp-content\/uploads\/2025\/04\/tanel-assurance-senegal-logo-13.png","width":170,"height":40,"caption":"Tanel"},"image":{"@id":"https:\/\/www.tanelhealth.com\/en\/#\/schema\/logo\/image\/"}}]}},"_links":{"self":[{"href":"https:\/\/www.tanelhealth.com\/en\/wp-json\/wp\/v2\/pages\/1005","targetHints":{"allow":["GET"]}}],"collection":[{"href":"https:\/\/www.tanelhealth.com\/en\/wp-json\/wp\/v2\/pages"}],"about":[{"href":"https:\/\/www.tanelhealth.com\/en\/wp-json\/wp\/v2\/types\/page"}],"author":[{"embeddable":true,"href":"https:\/\/www.tanelhealth.com\/en\/wp-json\/wp\/v2\/users\/4"}],"replies":[{"embeddable":true,"href":"https:\/\/www.tanelhealth.com\/en\/wp-json\/wp\/v2\/comments?post=1005"}],"version-history":[{"count":6,"href":"https:\/\/www.tanelhealth.com\/en\/wp-json\/wp\/v2\/pages\/1005\/revisions"}],"predecessor-version":[{"id":1421,"href":"https:\/\/www.tanelhealth.com\/en\/wp-json\/wp\/v2\/pages\/1005\/revisions\/1421"}],"up":[{"embeddable":true,"href":"https:\/\/www.tanelhealth.com\/en\/wp-json\/wp\/v2\/pages\/1014"}],"wp:attachment":[{"href":"https:\/\/www.tanelhealth.com\/en\/wp-json\/wp\/v2\/media?parent=1005"}],"curies":[{"name":"wp","href":"https:\/\/api.w.org\/{rel}","templated":true}]}}